{"id":2035,"date":"2021-06-06T21:02:29","date_gmt":"2021-06-06T21:02:29","guid":{"rendered":"https:\/\/institutoplenus.com.br\/web\/?post_type=product&#038;p=2035"},"modified":"2021-07-21T00:40:37","modified_gmt":"2021-07-21T00:40:37","slug":"tecnico-em-seguranca-do-trabalho","status":"publish","type":"product","link":"https:\/\/institutoplenus.com.br\/web\/cursos\/tecnico-em-seguranca-do-trabalho\/","title":{"rendered":"T\u00e9cnico em Seguran\u00e7a do Trabalho"},"content":{"rendered":"<p>[vc_row][vc_column][vc_column_text]A \u00e1rea de seguran\u00e7a do trabalho \u00e9 considerada como fundamental para o funcionamento de qualquer empresa, seja ela estatal ou privada, pois precisam manter-se em opera\u00e7\u00e3o sem acidentes do trabalho, mantendo o ambiente do trabalho salutar.<\/p>\n<p><strong>O que faz um T\u00e9cnico em Seguran\u00e7a do Trabalho<\/strong><\/p>\n<ul>\n<li>O T\u00e9cnico em Seguran\u00e7a do Trabalho \u00e9 o profissional que dentro do ambiente trabalho identifica os risco de acidente , em seguida elabora e implanta estrat\u00e9gias para diminuir ou sanar estes risco, promovendo assim a seguran\u00e7a e sa\u00fade de nossos trabalhadores.<\/li>\n<\/ul>\n<p><strong>Onde trabalhar<\/strong><\/p>\n<ul>\n<li>F\u00e1bricas de diversos setores produtivos, constru\u00e7\u00e3o civil, usinas sulcro alcooleira, hospitais, empresas comerciais e industriais, empresas estatais, mineradoras e de extra\u00e7\u00e3o, empresas rurais e agroind\u00fastrias.<\/li>\n<\/ul>\n<p><strong>Informa\u00e7\u00f5es sobre o curso T\u00e9cnico em Seguran\u00e7a do Trabalho<\/strong><\/p>\n<ul>\n<li>Dura\u00e7\u00e3o do curso 18 meses<\/li>\n<li>Per\u00edodo de matricula: voc\u00ea pode iniciar o curso em qualquer per\u00edodo do ano<\/li>\n<li>Modalidade: presencial<\/li>\n<li>Aulas de segunda a sexta-feira,<\/li>\n<li>Per\u00edodo noturno<\/li>\n<li>Pr\u00e9-requisito: ter 16 anos, estar cursando o ensino m\u00e9dio ou ter conclu\u00eddo<\/li>\n<li>Carga Hor\u00e1ria: 1200 horas<\/li>\n<li>Est\u00e1gio supervisionado: 120 horas ( um m\u00eas)<\/li>\n<\/ul>\n<p><strong>Documentos de matricula <\/strong><\/p>\n<ul>\n<li>RG e CPF<\/li>\n<li>Comprovante de resid\u00eancia<\/li>\n<li>Hist\u00f3rico escolar do ensino m\u00e9dio ou declara\u00e7\u00e3o de que esta cursando do 2\u00ba colegial<\/li>\n<li>Certid\u00e3o de Nascimento ou casamento<\/li>\n<li>1 foto 3X4<\/li>\n<\/ul>\n<p>[\/vc_column_text][\/vc_column][\/vc_row]<\/p>\n","protected":false},"excerpt":{"rendered":"<p><strong>Confira os Valores:<\/strong><\/p>\n<ul>\n<li>Matricula: R$ 99,00<\/li>\n<li><strong>Mensalidades a partir de:<br \/>\n<span style=\"color: #ff0000;font-size: 20px\">R$ 194,00<\/span><\/strong><br \/>\n<em>consulte formas de pagamento<\/em><\/li>\n<\/ul>\n<p>&nbsp;<\/p>\n<p><a href=\"https:\/\/bit.ly\/3wnmWMF\" target=\"_blank\" rel=\"noopener\"><img loading=\"lazy\" class=\"alignnone size-medium wp-image-2085\" src=\"https:\/\/institutoplenus.com.br\/web\/wp-content\/uploads\/2021\/06\/fale-com-instituto-plenus-300x72.png\" alt=\"Fale com o Instituto Plenus\" width=\"300\" height=\"72\" \/><\/a><\/p>\n","protected":false},"featured_media":2090,"comment_status":"open","ping_status":"closed","template":"","meta":[],"product_cat":[15],"product_tag":[108],"_links":{"self":[{"href":"https:\/\/institutoplenus.com.br\/web\/wp-json\/wp\/v2\/product\/2035"}],"collection":[{"href":"https:\/\/institutoplenus.com.br\/web\/wp-json\/wp\/v2\/product"}],"about":[{"href":"https:\/\/institutoplenus.com.br\/web\/wp-json\/wp\/v2\/types\/product"}],"replies":[{"embeddable":true,"href":"https:\/\/institutoplenus.com.br\/web\/wp-json\/wp\/v2\/comments?post=2035"}],"wp:featuredmedia":[{"embeddable":true,"href":"https:\/\/institutoplenus.com.br\/web\/wp-json\/wp\/v2\/media\/2090"}],"wp:attachment":[{"href":"https:\/\/institutoplenus.com.br\/web\/wp-json\/wp\/v2\/media?parent=2035"}],"wp:term":[{"taxonomy":"product_cat","embeddable":true,"href":"https:\/\/institutoplenus.com.br\/web\/wp-json\/wp\/v2\/product_cat?post=2035"},{"taxonomy":"product_tag","embeddable":true,"href":"https:\/\/institutoplenus.com.br\/web\/wp-json\/wp\/v2\/product_tag?post=2035"}],"curies":[{"name":"wp","href":"https:\/\/api.w.org\/{rel}","templated":true}]}}